{"id":365,"date":"2022-12-19T18:22:04","date_gmt":"2022-12-19T18:22:04","guid":{"rendered":"http:\/\/fiskoli.fi\/Bistroverde\/?page_id=365"},"modified":"2026-04-06T05:24:19","modified_gmt":"2026-04-06T05:24:19","slug":"menu-2","status":"publish","type":"page","link":"https:\/\/fiskoli.fi\/Bistroverde\/menu-2\/","title":{"rendered":"Ruokalista"},"content":{"rendered":"\n<div class=\"wp-block-media-text is-stacked-on-mobile\"><figure class=\"wp-block-media-text__media\"><img loading=\"lazy\" decoding=\"async\" width=\"1024\" height=\"682\" src=\"https:\/\/fiskoli.fi\/wp-content\/uploads\/2023\/01\/cropped-315001803_602427154993671_1609735693689514629_n-1024x682.jpg\" alt=\"\" class=\"wp-image-466 size-full\" srcset=\"https:\/\/fiskoli.fi\/wp-content\/uploads\/2023\/01\/cropped-315001803_602427154993671_1609735693689514629_n-1024x682.jpg 1024w, https:\/\/fiskoli.fi\/wp-content\/uploads\/2023\/01\/cropped-315001803_602427154993671_1609735693689514629_n-300x200.jpg 300w, https:\/\/fiskoli.fi\/wp-content\/uploads\/2023\/01\/cropped-315001803_602427154993671_1609735693689514629_n-768x511.jpg 768w, https:\/\/fiskoli.fi\/wp-content\/uploads\/2023\/01\/cropped-315001803_602427154993671_1609735693689514629_n-1536x1023.jpg 1536w, https:\/\/fiskoli.fi\/wp-content\/uploads\/2023\/01\/cropped-315001803_602427154993671_1609735693689514629_n.jpg 2000w\" sizes=\"auto, (max-width: 706px) 89vw, (max-width: 767px) 82vw, 740px\" \/><\/figure><div class=\"wp-block-media-text__content\">\n<p><\/p>\n<\/div><\/div>\n\n\n\n<div class=\"wp-block-superb-addons-accordion-block\" data-accordion-id=\"superb-accordion-6e51aa3e\"><div class=\"superb-accordion-header\" role=\"button\" tabindex=\"0\" aria-expanded=\"false\" aria-controls=\"superb-accordion-content-superb-accordion-6e51aa3e\"><h4 class=\"superb-accordion-title\">P\u00e4\u00e4ruokia<\/h4><span class=\"superb-accordion-icon\"><\/span><\/div><div id=\"superb-accordion-content-superb-accordion-6e51aa3e\" class=\"superb-accordion-content\" style=\"display:none\" aria-hidden=\"true\">\n<p><strong>Kalastajan tytt\u00e4ren lohikeitto<\/strong><br>Perinteinen lohikeitto Kustavin lohesta. Lis\u00e4n\u00e4 Verden omaa saaristolaisleip\u00e4\u00e4 ja tietysti voita.<br><em>(L, pyydett\u00e4ess\u00e4 G) &#8211; 16,20 \u20ac<\/em><\/p>\n\n\n\n<p><strong>P\u00e4iv\u00e4n kala<br><\/strong>Voissa paistettua paikallista Kustavin kuhaa tai ahventa, lempe\u00e4\u00e4 rakuunakastiketta, tuoreeltaan paistettuja kasviksia, lohkoperunoita ja sitruunaa. Koristeena tilli\u00e4 ja tilli\u00f6ljy\u00e4<br><em>(L, pyydett\u00e4ess\u00e4 G)<\/em> \u2013 28,50 \u20ac<\/p>\n\n\n\n<p><strong>Apukokin Ahvenet<\/strong><br>Paneroitua paikallista Kustavin ahventa, mummonkurkkua, rakuunakastiketta sek\u00e4 pannulla py\u00f6r\u00e4ytettyj\u00e4 tuoreita kasviksia ja perunoita<br><em>(L, pyydett\u00e4ess\u00e4 G) &#8211; 26,50 \u20ac<\/em><\/p>\n\n\n\n<p><strong>Porsaan file<\/strong><br>Porsaan ulkofilett\u00e4 pehme\u00e4ll\u00e4 pippurikastikkeella, salaatilla ja ranskalaisilla<br><em>(L, pyydett\u00e4ess\u00e4 G)<\/em> \u2013 24,50 \u20ac<\/p>\n\n\n\n<p><strong>Ribs<\/strong><br>Bistron suositut Ribsit, runsaasti rapeita ranskalaisia ja kahta eri majoneesia.<br><em>(L, pyydett\u00e4ess\u00e4 G) &#8211; <\/em>25,50 \u20ac<\/p>\n\n\n\n<p><strong>Naudan sis\u00e4filett\u00e4 Bistron tapaan<\/strong><br>Sis\u00e4filett\u00e4 punaviinikastikkeella, tuoreeltaan paistettuja kasviksia ja valintasi mukaan: parmesanperunat tai ranskalaiset<br><em>(L, pyydett\u00e4ess\u00e4 G)<\/em> \u2013 36,50 \u20ac<\/p>\n\n\n\n<p><strong>Andalusian salaatti<\/strong><br>Paistettua vuohenjuustoa ja hunajaa, vihersalaattia, couscousia, kirsikkatomaatteja, rusinoita, appelsiinilohkoja ja karamellisoitua pekaanip\u00e4hkin\u00e4\u00e4, salaatinkastiketta &amp; leip\u00e4\u00e4<br><em>(L, pyydett\u00e4ess\u00e4 G)<\/em> \u2013 19,50 \u20ac<\/p>\n<\/div><\/div>\n\n\n\n<div class=\"wp-block-superb-addons-accordion-block\" data-accordion-id=\"superb-accordion-07301814\"><div class=\"superb-accordion-header\" role=\"button\" tabindex=\"0\" aria-expanded=\"false\" aria-controls=\"superb-accordion-content-superb-accordion-07301814\"><h4 class=\"superb-accordion-title\">Burgerit<\/h4><span class=\"superb-accordion-icon\"><\/span><\/div><div id=\"superb-accordion-content-superb-accordion-07301814\" class=\"superb-accordion-content\" style=\"display:none\" aria-hidden=\"true\">\n<p><strong>Bistron burger<\/strong><br>Naudan jauhelihapihvi paikallisesta, kotimaisesta yl\u00e4maankarjasta, Pepper Jack -juustoa, punasipulihilloketta, tomaattia, maustekurkkua, j\u00e4\u00e4salaattia ja tryffelimajoneesia. Tarjoillaan Briossis\u00e4mpyl\u00e4ss\u00e4 ja rapeiden ranskalaisten kera<br><em>(L, pyydett\u00e4ess\u00e4 G)<\/em> \u2013 23,80 \u20ac<\/p>\n\n\n\n<p><strong>Bistron Ahvenburger<br><\/strong>Paneroitua paikallista Kustavin ahventa, tomaattia, j\u00e4\u00e4salaattia, sitruunamajoneesia, punasipulihilloketta Briossis\u00e4mpyl\u00e4ss\u00e4 ja lis\u00e4n\u00e4 rapeat ranskalaiset sek\u00e4 majoneesidippi.<br><em>(L, pyydett\u00e4ess\u00e4 G)<\/em> \u2013 23,50 \u20ac<\/p>\n\n\n\n<p><strong>Bacon &amp; Cheddar Burger<\/strong><br>2 x 75 g naudanpihvi\u00e4, pekonia, cheddaria, tomaattia, maustekurkkua, j\u00e4\u00e4salaattia, paahdettua sipulia ja talon majoneesia. Tarjoillaan Briossis\u00e4mpyl\u00e4ss\u00e4 ja ranskalaisten kera<br><em>(L, pyydett\u00e4ess\u00e4 G)<\/em> \u2013 19,80 \u20ac<\/p>\n\n\n\n<p><strong>Juustoburger<\/strong><br>Naudan burgerpihvi, cheddarjuustoa, tomaattiketsuppia, maustekurkkua, paahdettua sipulia, j\u00e4\u00e4salaattia ja talon majoneesia. Tarjoillaan Briossis\u00e4mpyl\u00e4ss\u00e4 ja ranskalaisten kera<br><em>(L, pyydett\u00e4ess\u00e4 G)<\/em> \u2013 16,00 \u20ac<\/p>\n\n\n\n<p><strong>Verden Vege Burger<\/strong><br>Paistettua Quornia, tomaattia, maustekurkkua, j\u00e4\u00e4salaattia, paahdettua sipulia ja chilimajoneesia. Tarjoillaan Briossis\u00e4mpyl\u00e4ss\u00e4 ja rapeiden ranskalaisten kera. Saatavana my\u00f6s juustolla. Vegaaninen versio pyynn\u00f6st\u00e4.<br><em>(L, pyydett\u00e4ess\u00e4 G)<\/em> \u2013 19,50 \u20ac<\/p>\n<\/div><\/div>\n\n\n\n<div class=\"wp-block-superb-addons-accordion-block\" data-accordion-id=\"superb-accordion-db02a1cc\"><div class=\"superb-accordion-header\" role=\"button\" tabindex=\"0\" aria-expanded=\"false\" aria-controls=\"superb-accordion-content-superb-accordion-db02a1cc\"><h4 class=\"superb-accordion-title\">Lapset<\/h4><span class=\"superb-accordion-icon\"><\/span><\/div><div id=\"superb-accordion-content-superb-accordion-db02a1cc\" class=\"superb-accordion-content\" style=\"display:none\" aria-hidden=\"true\">\n<p><strong>Lasten burger<\/strong><br>75 g naudanpihvi, tomaattiketsuppia, ranskalaisia ja majoneesidippi.<br><em>(L, pyydett\u00e4ess\u00e4 G)<\/em> \u2013 9,50 \u20ac<\/p>\n\n\n\n<p><strong>Bistron nugetit<\/strong><br>Kananugetteja, ranskalaisia, porkkana- ja kurkkutikkuja, majoneesidippi.<br><em>(L)<\/em> \u2013 9,50 \u20ac<\/p>\n\n\n\n<p><strong>Nakkeja ja ranskalaisia<\/strong><br>Nakkeja, ranskalaisia, porkkana- ja kurkkutikkuja, majoneesidippi<br><em>(L, pyydett\u00e4ess\u00e4 G)<\/em> 9,50 \u20ac<\/p>\n\n\n\n<p><strong>Kalaa, kasviksia ja perunaa<\/strong><br><em>(L, pyydett\u00e4ess\u00e4 G)<\/em> \u2013 9,50 \u20ac<\/p>\n\n\n\n<p><br>Ruokamme saattavat sis\u00e4lt\u00e4\u00e4 allergeeneja. Lis\u00e4tiedot henkil\u00f6kunnalta.<\/p>\n<\/div><\/div>\n\n\n\n<div class=\"wp-block-superb-addons-accordion-block\" data-accordion-id=\"superb-accordion-f1c50f5d\"><div class=\"superb-accordion-header\" role=\"button\" tabindex=\"0\" aria-expanded=\"false\" aria-controls=\"superb-accordion-content-superb-accordion-f1c50f5d\"><h4 class=\"superb-accordion-title\">J\u00e4lkiruoka<\/h4><span class=\"superb-accordion-icon\"><\/span><\/div><div id=\"superb-accordion-content-superb-accordion-f1c50f5d\" class=\"superb-accordion-content\" style=\"display:none\" aria-hidden=\"true\">\n<p><strong>Brownie<\/strong><br><em>(L)<\/em><strong><br><\/strong>L\u00e4mmin suklaabrownie ja j\u00e4\u00e4tel\u00f6\u00e4<br>6,90 \u20ac<\/p>\n\n\n\n<p><strong>Kaksi palloa j\u00e4\u00e4tel\u00f6\u00e4<br><\/strong><em>(L, pyydett\u00e4ess\u00e4 G)<\/em> <br>6,90 \u20ac<\/p>\n\n\n\n<p><strong>J\u00e4lkiruoka ja kahvin tai teen kanssa 9 \u20ac<\/strong><\/p>\n\n\n\n<p><strong>Kahvi aterian j\u00e4lkeen 2,90<\/strong><\/p>\n<\/div><\/div>\n\n\n\n<p><\/p>\n\n\n\n<div class=\"wp-block-superb-addons-accordion-block\" data-accordion-id=\"superb-accordion-69ee6361\"><div class=\"superb-accordion-header\" role=\"button\" tabindex=\"0\" aria-expanded=\"false\" aria-controls=\"superb-accordion-content-superb-accordion-69ee6361\"><h4 class=\"superb-accordion-title\">Viinilista<\/h4><span class=\"superb-accordion-icon\"><\/span><\/div><div id=\"superb-accordion-content-superb-accordion-69ee6361\" class=\"superb-accordion-content\" style=\"display:none\" aria-hidden=\"true\">\n<p><strong>Kuohuviinit<\/strong><br><br><strong>Lanson Le Black Cr\u00e9ation Brut \u2013 Samppanja<\/strong><\/p>\n\n\n\n<p>Eritt\u00e4in kuiva, eritt\u00e4in hapokas, sitruksinen, viheromenainen, mineraalinen, kevyen mantelinen, hennon paahteinen ja robusti.<\/p>\n\n\n\n<p>Pikkupullo 20 cl \u2013 20 \u20ac<\/p>\n\n\n\n<p><strong>Vignana Prosecco Spumante DOC Extra Dry<\/strong><\/p>\n\n\n\n<p>Miellytt\u00e4v\u00e4 ja runsashapokas Prosecco, jossa p\u00e4\u00e4ryn\u00e4n ja omenan s\u00e4vyj\u00e4.<\/p>\n\n\n\n<p>Pikkupullo 20 cl \u2013 12,50 \u20ac<\/p>\n\n\n\n<p><strong>La Casada Gran Cuvee Millesimato Extra Dry (11 %)<\/strong><\/p>\n\n\n\n<p>Tyylik\u00e4s ja tasapainoinen kuohuviini, pehme\u00e4 ja hedelm\u00e4inen maku sek\u00e4 miellytt\u00e4v\u00e4 hapokkuus.<\/p>\n\n\n\n<p>75 cl \u2013 25,50 \u20ac&nbsp;<\/p>\n\n\n\n<p><strong>Valkoviinit<\/strong><br><strong><br>Portada Winemaker\u2019s Selection White \u2013 Portugali (12 %)<\/strong><\/p>\n\n\n\n<p>Kuiva ja kevyt valkoviini, keskihapokas. Aromeissa omenaa, p\u00e4\u00e4ryn\u00e4\u00e4 ja kukkaisuutta.<\/p>\n\n\n\n<p>12 cl 8,60 \u20ac | 16 cl 10,90 \u20ac | 24 cl 13,90 \u20ac | Pullo 35,50 \u20ac<\/p>\n\n\n\n<p><strong>Leitz 4friends Riesling Dry \u2013 Rheingau (11,5 %)<\/strong><\/p>\n\n\n\n<p>Laadukas ja ryhdik\u00e4s kuiva Riesling. T\u00e4ytel\u00e4inen ja aavistuksen mausteinen aromimaailma sek\u00e4 raikas hapokkuus.<\/p>\n\n\n\n<p>12 cl 8,90 \u20ac | 16 cl 11,90 \u20ac | 24 cl 14,90 \u20ac | Pullo 39 \u20ac<\/p>\n\n\n\n<p><strong>Punaviinit<\/strong><br><strong><br>Portada Winemaker\u2019s Selection Red \u2013 Portugali (12,5 %)<\/strong><\/p>\n\n\n\n<p>Puolikuiva punaviini. Keskitanniininen, karpaloinen ja kuningatarhilloinen, kevyen vaniljainen.<\/p>\n\n\n\n<p>12 cl 8,60 \u20ac | 16 cl 10,90 \u20ac | 24 cl 13,90 \u20ac | Pullo 35,50 \u20ac<\/p>\n\n\n\n<p><strong>Septima Malbec (14 %)<\/strong><\/p>\n\n\n\n<p>T\u00e4ytel\u00e4inen seurustelu- ja ruokapunaviini. Kuiva, muhkea ja l\u00e4mmin, ryhdikk\u00e4\u00e4n hapokas ja runsaan mutta silkkisen tanniininen, pitk\u00e4 j\u00e4lkimaku.<\/p>\n\n\n\n<p>12 cl 8,90 \u20ac | 16 cl 11,90 \u20ac | 24 cl 14,90 \u20ac | Pullo 39 \u20ac<\/p>\n\n\n\n<p><\/p>\n<\/div><\/div>\n","protected":false},"excerpt":{"rendered":"","protected":false},"author":1,"featured_media":0,"parent":0,"menu_order":0,"comment_status":"closed","ping_status":"closed","template":"","meta":{"footnotes":""},"class_list":["post-365","page","type-page","status-publish","hentry"],"_links":{"self":[{"href":"https:\/\/fiskoli.fi\/Bistroverde\/wp-json\/wp\/v2\/pages\/365","targetHints":{"allow":["GET"]}}],"collection":[{"href":"https:\/\/fiskoli.fi\/Bistroverde\/wp-json\/wp\/v2\/pages"}],"about":[{"href":"https:\/\/fiskoli.fi\/Bistroverde\/wp-json\/wp\/v2\/types\/page"}],"author":[{"embeddable":true,"href":"https:\/\/fiskoli.fi\/Bistroverde\/wp-json\/wp\/v2\/users\/1"}],"replies":[{"embeddable":true,"href":"https:\/\/fiskoli.fi\/Bistroverde\/wp-json\/wp\/v2\/comments?post=365"}],"version-history":[{"count":37,"href":"https:\/\/fiskoli.fi\/Bistroverde\/wp-json\/wp\/v2\/pages\/365\/revisions"}],"predecessor-version":[{"id":1696,"href":"https:\/\/fiskoli.fi\/Bistroverde\/wp-json\/wp\/v2\/pages\/365\/revisions\/1696"}],"wp:attachment":[{"href":"https:\/\/fiskoli.fi\/Bistroverde\/wp-json\/wp\/v2\/media?parent=365"}],"curies":[{"name":"wp","href":"https:\/\/api.w.org\/{rel}","templated":true}]}}