{"id":2,"date":"2019-08-21T11:08:08","date_gmt":"2019-08-21T11:08:08","guid":{"rendered":"http:\/\/fiskoli.fi\/?page_id=2"},"modified":"2025-09-24T06:22:48","modified_gmt":"2025-09-24T06:22:48","slug":"villabergamo","status":"publish","type":"page","link":"https:\/\/fiskoli.fi\/Bistroverde\/villabergamo\/","title":{"rendered":"Majoituspalvelut"},"content":{"rendered":"\n<p><br>2020 valmistunut lomakohde&nbsp;<strong>Villa Bergamo&nbsp;<\/strong>sijaitsee&nbsp;Taivassalossa&nbsp;Turun saaristossa meren rannalla, p\u00e4\u00e4ttyv\u00e4n tien p\u00e4\u00e4ss\u00e4. Kohteen kaikki mukavuudet mahdollistavat huolettomat lomap\u00e4iv\u00e4t vain 45 minuutin matkan p\u00e4\u00e4st\u00e4 Turun keskustasta. Talossa on kaksi makuuhuoneetta \u2013 toisessa on 180 cm paris\u00e4nky, toisessa kaksi 80 cm s\u00e4nky\u00e4. Villa Bergamo on ihanteellinen paikka pariskunnille!<br>Talo sijaitsee p\u00e4\u00e4ttyv\u00e4n tien p\u00e4\u00e4ss\u00e4, yksityisen yhteisrannan laidalla. Alueella on m\u00f6kkil\u00e4isten venepaikkoja ja sielt\u00e4 voi laskea veneen. Alueella on my\u00f6s toinen loma-asunto ja kes\u00e4isin, varsinkin viikonloppuisin, on usein liikkeell\u00e4 paljon m\u00f6kkil\u00e4isi\u00e4. Vaikka kohteessa on oma yksityinen piha ja ranta kyseess\u00e4 ei ole \u201cer\u00e4maam\u00f6kki\u201d.<br>Talvella on my\u00f6s varauduttava pikkutien lumikeleihin \u2013 hyv\u00e4t renkaat riitt\u00e4\u00e4 perille asti.<br>Kohde soveltuu huonosti lapsille.<br><br><strong>L\u00e4mpim\u00e4sti tervetuloa Taivassaloon ja Villa Bergamoon!<br>Varaukset ja tiedustelut: Kattis Honkanen 0405238150<\/strong>&nbsp;tai&nbsp;<strong>info(at)fiskoli.fi<\/strong><\/p>\n\n\n\n<figure class=\"wp-block-gallery has-nested-images columns-default is-cropped wp-block-gallery-1 is-layout-flex wp-block-gallery-is-layout-flex\">\n<figure class=\"wp-block-image size-large\"><img loading=\"lazy\" decoding=\"async\" width=\"1024\" height=\"594\" data-id=\"410\" src=\"http:\/\/fiskoli.fi\/wp-content\/uploads\/2023\/01\/328619357_972104557093693_3397245875817889778_n-1024x594.jpg\" alt=\"\" class=\"wp-image-410\" srcset=\"https:\/\/fiskoli.fi\/wp-content\/uploads\/2023\/01\/328619357_972104557093693_3397245875817889778_n-1024x594.jpg 1024w, https:\/\/fiskoli.fi\/wp-content\/uploads\/2023\/01\/328619357_972104557093693_3397245875817889778_n-300x174.jpg 300w, https:\/\/fiskoli.fi\/wp-content\/uploads\/2023\/01\/328619357_972104557093693_3397245875817889778_n-768x445.jpg 768w, https:\/\/fiskoli.fi\/wp-content\/uploads\/2023\/01\/328619357_972104557093693_3397245875817889778_n-1536x890.jpg 1536w, https:\/\/fiskoli.fi\/wp-content\/uploads\/2023\/01\/328619357_972104557093693_3397245875817889778_n.jpg 2048w\" sizes=\"auto, (max-width: 706px) 89vw, (max-width: 767px) 82vw, 740px\" \/><\/figure>\n\n\n\n<figure class=\"wp-block-image size-large\"><img loading=\"lazy\" decoding=\"async\" width=\"768\" height=\"1024\" data-id=\"416\" src=\"http:\/\/fiskoli.fi\/wp-content\/uploads\/2023\/01\/328089349_568789501554167_4373124257176097683_n-768x1024.jpg\" alt=\"\" class=\"wp-image-416\" srcset=\"https:\/\/fiskoli.fi\/wp-content\/uploads\/2023\/01\/328089349_568789501554167_4373124257176097683_n-768x1024.jpg 768w, https:\/\/fiskoli.fi\/wp-content\/uploads\/2023\/01\/328089349_568789501554167_4373124257176097683_n-225x300.jpg 225w, https:\/\/fiskoli.fi\/wp-content\/uploads\/2023\/01\/328089349_568789501554167_4373124257176097683_n-1152x1536.jpg 1152w, https:\/\/fiskoli.fi\/wp-content\/uploads\/2023\/01\/328089349_568789501554167_4373124257176097683_n.jpg 1536w\" sizes=\"auto, (max-width: 706px) 89vw, (max-width: 767px) 82vw, 740px\" \/><\/figure>\n<\/figure>\n\n\n\n<p><br><\/p>\n\n\n\n<div class=\"wp-block-group\"><div class=\"wp-block-group__inner-container is-layout-flow wp-block-group-is-layout-flow\">\n<p><strong>Viikonloppu pe-su  (tai muu vastaava 3 p\u00e4iv\u00e4n ajanjakso) <\/strong><\/p>\n\n\n\n<p><strong><br><\/strong>Saapuminen perjantaina klo 12 alkaen -sunnuntaihin klo 16.00 asti<br>Hintaan kuuluu petivaatteet pedattuna sek\u00e4 pyyhkeet kahdelle hengelle.<br>Loppusiivous <strong>90 \u20ac<\/strong><br><strong>Viikkovuokra <\/strong><\/p>\n\n\n\n<p><br>Saapuminen maanantaina klo 12 alkaen -sunnuntaihin klo 16.00 asti.<br>Hintaan kuuluu petivaatteet pedattuna sek\u00e4 pyyhkeet nelj\u00e4lle hengelle.<br>Loppusiivous <strong>90 \u20ac<\/strong><\/p>\n\n\n\n<p><\/p>\n\n\n\n<div class=\"wp-block-group\"><div class=\"wp-block-group__inner-container is-layout-constrained wp-block-group-is-layout-constrained\">\n<figure class=\"wp-block-gallery has-nested-images columns-default is-cropped wp-block-gallery-2 is-layout-flex wp-block-gallery-is-layout-flex\">\n<figure class=\"wp-block-image size-large\"><img loading=\"lazy\" decoding=\"async\" width=\"768\" height=\"1024\" data-id=\"416\" src=\"http:\/\/fiskoli.fi\/wp-content\/uploads\/2023\/01\/328089349_568789501554167_4373124257176097683_n-768x1024.jpg\" alt=\"\" class=\"wp-image-416\" srcset=\"https:\/\/fiskoli.fi\/wp-content\/uploads\/2023\/01\/328089349_568789501554167_4373124257176097683_n-768x1024.jpg 768w, https:\/\/fiskoli.fi\/wp-content\/uploads\/2023\/01\/328089349_568789501554167_4373124257176097683_n-225x300.jpg 225w, https:\/\/fiskoli.fi\/wp-content\/uploads\/2023\/01\/328089349_568789501554167_4373124257176097683_n-1152x1536.jpg 1152w, https:\/\/fiskoli.fi\/wp-content\/uploads\/2023\/01\/328089349_568789501554167_4373124257176097683_n.jpg 1536w\" sizes=\"auto, (max-width: 706px) 89vw, (max-width: 767px) 82vw, 740px\" \/><\/figure>\n\n\n\n<figure class=\"wp-block-image size-large\"><img loading=\"lazy\" decoding=\"async\" width=\"1024\" height=\"768\" data-id=\"271\" src=\"http:\/\/fiskoli.fi\/wp-content\/uploads\/2021\/05\/187342452_3971100872979819_1896385680330523220_n-1024x768.jpg\" alt=\"\" class=\"wp-image-271\" srcset=\"https:\/\/fiskoli.fi\/wp-content\/uploads\/2021\/05\/187342452_3971100872979819_1896385680330523220_n-1024x768.jpg 1024w, https:\/\/fiskoli.fi\/wp-content\/uploads\/2021\/05\/187342452_3971100872979819_1896385680330523220_n-300x225.jpg 300w, https:\/\/fiskoli.fi\/wp-content\/uploads\/2021\/05\/187342452_3971100872979819_1896385680330523220_n-768x576.jpg 768w, https:\/\/fiskoli.fi\/wp-content\/uploads\/2021\/05\/187342452_3971100872979819_1896385680330523220_n-1536x1152.jpg 1536w, https:\/\/fiskoli.fi\/wp-content\/uploads\/2021\/05\/187342452_3971100872979819_1896385680330523220_n-1200x900.jpg 1200w, https:\/\/fiskoli.fi\/wp-content\/uploads\/2021\/05\/187342452_3971100872979819_1896385680330523220_n.jpg 1824w\" sizes=\"auto, (max-width: 706px) 89vw, (max-width: 767px) 82vw, 740px\" \/><\/figure>\n\n\n\n<figure class=\"wp-block-image size-large\"><img loading=\"lazy\" decoding=\"async\" width=\"456\" height=\"342\" data-id=\"269\" src=\"http:\/\/fiskoli.fi\/wp-content\/uploads\/2021\/05\/187260973_218084486793330_1070800054385434531_n.jpg\" alt=\"\" class=\"wp-image-269\" srcset=\"https:\/\/fiskoli.fi\/wp-content\/uploads\/2021\/05\/187260973_218084486793330_1070800054385434531_n.jpg 456w, https:\/\/fiskoli.fi\/wp-content\/uploads\/2021\/05\/187260973_218084486793330_1070800054385434531_n-300x225.jpg 300w\" sizes=\"auto, (max-width: 456px) 100vw, 456px\" \/><\/figure>\n\n\n\n<figure class=\"wp-block-image size-large\"><img loading=\"lazy\" decoding=\"async\" width=\"342\" height=\"456\" data-id=\"266\" src=\"http:\/\/fiskoli.fi\/wp-content\/uploads\/2021\/05\/186902137_514720276348460_5316875886660149082_n.jpg\" alt=\"\" class=\"wp-image-266\" srcset=\"https:\/\/fiskoli.fi\/wp-content\/uploads\/2021\/05\/186902137_514720276348460_5316875886660149082_n.jpg 342w, https:\/\/fiskoli.fi\/wp-content\/uploads\/2021\/05\/186902137_514720276348460_5316875886660149082_n-225x300.jpg 225w\" sizes=\"auto, (max-width: 342px) 100vw, 342px\" \/><\/figure>\n\n\n\n<figure class=\"wp-block-image size-large\"><img loading=\"lazy\" decoding=\"async\" width=\"480\" height=\"360\" data-id=\"210\" src=\"http:\/\/fiskoli.fi\/wp-content\/uploads\/2020\/10\/panoraama_n.jpg\" alt=\"\" class=\"wp-image-210\" srcset=\"https:\/\/fiskoli.fi\/wp-content\/uploads\/2020\/10\/panoraama_n.jpg 480w, https:\/\/fiskoli.fi\/wp-content\/uploads\/2020\/10\/panoraama_n-300x225.jpg 300w\" sizes=\"auto, (max-width: 480px) 100vw, 480px\" \/><\/figure>\n\n\n\n<figure class=\"wp-block-image size-large\"><img loading=\"lazy\" decoding=\"async\" width=\"1024\" height=\"504\" data-id=\"187\" src=\"http:\/\/fiskoli.fi\/wp-content\/uploads\/2020\/10\/cropped-101257098_540499399962975_8033731306351230976_n-1024x504.jpg\" alt=\"\" class=\"wp-image-187\" srcset=\"https:\/\/fiskoli.fi\/wp-content\/uploads\/2020\/10\/cropped-101257098_540499399962975_8033731306351230976_n-1024x504.jpg 1024w, https:\/\/fiskoli.fi\/wp-content\/uploads\/2020\/10\/cropped-101257098_540499399962975_8033731306351230976_n-300x148.jpg 300w, https:\/\/fiskoli.fi\/wp-content\/uploads\/2020\/10\/cropped-101257098_540499399962975_8033731306351230976_n-768x378.jpg 768w, https:\/\/fiskoli.fi\/wp-content\/uploads\/2020\/10\/cropped-101257098_540499399962975_8033731306351230976_n.jpg 1200w\" sizes=\"auto, (max-width: 706px) 89vw, (max-width: 767px) 82vw, 740px\" \/><\/figure>\n\n\n\n<figure class=\"wp-block-image size-large\"><img loading=\"lazy\" decoding=\"async\" width=\"1024\" height=\"768\" data-id=\"176\" src=\"http:\/\/fiskoli.fi\/wp-content\/uploads\/2020\/10\/121808324_827548818034235_8177793483105274612_n-1024x768.jpg\" alt=\"\" class=\"wp-image-176\" srcset=\"https:\/\/fiskoli.fi\/wp-content\/uploads\/2020\/10\/121808324_827548818034235_8177793483105274612_n-1024x768.jpg 1024w, https:\/\/fiskoli.fi\/wp-content\/uploads\/2020\/10\/121808324_827548818034235_8177793483105274612_n-300x225.jpg 300w, https:\/\/fiskoli.fi\/wp-content\/uploads\/2020\/10\/121808324_827548818034235_8177793483105274612_n-768x576.jpg 768w, https:\/\/fiskoli.fi\/wp-content\/uploads\/2020\/10\/121808324_827548818034235_8177793483105274612_n-1536x1152.jpg 1536w, https:\/\/fiskoli.fi\/wp-content\/uploads\/2020\/10\/121808324_827548818034235_8177793483105274612_n-1200x900.jpg 1200w, https:\/\/fiskoli.fi\/wp-content\/uploads\/2020\/10\/121808324_827548818034235_8177793483105274612_n.jpg 1920w\" sizes=\"auto, (max-width: 706px) 89vw, (max-width: 767px) 82vw, 740px\" \/><\/figure>\n\n\n\n<figure class=\"wp-block-image size-large\"><img loading=\"lazy\" decoding=\"async\" width=\"1024\" height=\"873\" data-id=\"167\" src=\"http:\/\/fiskoli.fi\/wp-content\/uploads\/2020\/10\/auringonlasku5241_n-1024x873.jpg\" alt=\"\" class=\"wp-image-167\" srcset=\"https:\/\/fiskoli.fi\/wp-content\/uploads\/2020\/10\/auringonlasku5241_n-1024x873.jpg 1024w, https:\/\/fiskoli.fi\/wp-content\/uploads\/2020\/10\/auringonlasku5241_n-300x256.jpg 300w, https:\/\/fiskoli.fi\/wp-content\/uploads\/2020\/10\/auringonlasku5241_n-768x655.jpg 768w, https:\/\/fiskoli.fi\/wp-content\/uploads\/2020\/10\/auringonlasku5241_n-1536x1310.jpg 1536w, https:\/\/fiskoli.fi\/wp-content\/uploads\/2020\/10\/auringonlasku5241_n-1200x1023.jpg 1200w, https:\/\/fiskoli.fi\/wp-content\/uploads\/2020\/10\/auringonlasku5241_n.jpg 1785w\" sizes=\"auto, (max-width: 706px) 89vw, (max-width: 767px) 82vw, 740px\" \/><\/figure>\n\n\n\n<figure class=\"wp-block-image size-large\"><img loading=\"lazy\" decoding=\"async\" width=\"1024\" height=\"768\" data-id=\"183\" src=\"http:\/\/fiskoli.fi\/wp-content\/uploads\/2020\/10\/122445232_393546845003333_1840661080907420264_n-1024x768.jpg\" alt=\"\" class=\"wp-image-183\" srcset=\"https:\/\/fiskoli.fi\/wp-content\/uploads\/2020\/10\/122445232_393546845003333_1840661080907420264_n-1024x768.jpg 1024w, https:\/\/fiskoli.fi\/wp-content\/uploads\/2020\/10\/122445232_393546845003333_1840661080907420264_n-300x225.jpg 300w, https:\/\/fiskoli.fi\/wp-content\/uploads\/2020\/10\/122445232_393546845003333_1840661080907420264_n-768x576.jpg 768w, https:\/\/fiskoli.fi\/wp-content\/uploads\/2020\/10\/122445232_393546845003333_1840661080907420264_n-1536x1152.jpg 1536w, https:\/\/fiskoli.fi\/wp-content\/uploads\/2020\/10\/122445232_393546845003333_1840661080907420264_n-1200x900.jpg 1200w, https:\/\/fiskoli.fi\/wp-content\/uploads\/2020\/10\/122445232_393546845003333_1840661080907420264_n.jpg 1920w\" sizes=\"auto, (max-width: 706px) 89vw, (max-width: 767px) 82vw, 740px\" \/><\/figure>\n\n\n\n<figure class=\"wp-block-image size-large\"><img loading=\"lazy\" decoding=\"async\" width=\"1024\" height=\"768\" data-id=\"174\" src=\"http:\/\/fiskoli.fi\/wp-content\/uploads\/2020\/10\/olohuone-1-1024x768.jpg\" alt=\"\" class=\"wp-image-174\" srcset=\"https:\/\/fiskoli.fi\/wp-content\/uploads\/2020\/10\/olohuone-1-1024x768.jpg 1024w, https:\/\/fiskoli.fi\/wp-content\/uploads\/2020\/10\/olohuone-1-300x225.jpg 300w, https:\/\/fiskoli.fi\/wp-content\/uploads\/2020\/10\/olohuone-1-768x576.jpg 768w, https:\/\/fiskoli.fi\/wp-content\/uploads\/2020\/10\/olohuone-1-1536x1152.jpg 1536w, https:\/\/fiskoli.fi\/wp-content\/uploads\/2020\/10\/olohuone-1-2048x1536.jpg 2048w, https:\/\/fiskoli.fi\/wp-content\/uploads\/2020\/10\/olohuone-1-1200x900.jpg 1200w\" sizes=\"auto, (max-width: 706px) 89vw, (max-width: 767px) 82vw, 740px\" \/><\/figure>\n\n\n\n<figure class=\"wp-block-image size-large\"><img loading=\"lazy\" decoding=\"async\" width=\"1024\" height=\"633\" data-id=\"166\" src=\"http:\/\/fiskoli.fi\/wp-content\/uploads\/2020\/10\/122180571_735735177287967_2614003544285244440_n-1024x633.jpg\" alt=\"\" class=\"wp-image-166\" srcset=\"https:\/\/fiskoli.fi\/wp-content\/uploads\/2020\/10\/122180571_735735177287967_2614003544285244440_n-1024x633.jpg 1024w, https:\/\/fiskoli.fi\/wp-content\/uploads\/2020\/10\/122180571_735735177287967_2614003544285244440_n-300x186.jpg 300w, https:\/\/fiskoli.fi\/wp-content\/uploads\/2020\/10\/122180571_735735177287967_2614003544285244440_n-768x475.jpg 768w, https:\/\/fiskoli.fi\/wp-content\/uploads\/2020\/10\/122180571_735735177287967_2614003544285244440_n-1536x950.jpg 1536w, https:\/\/fiskoli.fi\/wp-content\/uploads\/2020\/10\/122180571_735735177287967_2614003544285244440_n-1200x742.jpg 1200w, https:\/\/fiskoli.fi\/wp-content\/uploads\/2020\/10\/122180571_735735177287967_2614003544285244440_n.jpg 1722w\" sizes=\"auto, (max-width: 706px) 89vw, (max-width: 767px) 82vw, 740px\" \/><\/figure>\n\n\n\n<figure class=\"wp-block-image size-large\"><img loading=\"lazy\" decoding=\"async\" width=\"1024\" height=\"768\" data-id=\"164\" src=\"http:\/\/fiskoli.fi\/wp-content\/uploads\/2020\/10\/122232155_262160805202034_2519613445027782657_n-1024x768.jpg\" alt=\"\" class=\"wp-image-164\" srcset=\"https:\/\/fiskoli.fi\/wp-content\/uploads\/2020\/10\/122232155_262160805202034_2519613445027782657_n-1024x768.jpg 1024w, https:\/\/fiskoli.fi\/wp-content\/uploads\/2020\/10\/122232155_262160805202034_2519613445027782657_n-300x225.jpg 300w, https:\/\/fiskoli.fi\/wp-content\/uploads\/2020\/10\/122232155_262160805202034_2519613445027782657_n-768x576.jpg 768w, https:\/\/fiskoli.fi\/wp-content\/uploads\/2020\/10\/122232155_262160805202034_2519613445027782657_n-1536x1152.jpg 1536w, https:\/\/fiskoli.fi\/wp-content\/uploads\/2020\/10\/122232155_262160805202034_2519613445027782657_n-1200x900.jpg 1200w, https:\/\/fiskoli.fi\/wp-content\/uploads\/2020\/10\/122232155_262160805202034_2519613445027782657_n.jpg 1920w\" sizes=\"auto, (max-width: 706px) 89vw, (max-width: 767px) 82vw, 740px\" \/><\/figure>\n<\/figure>\n<\/div><\/div>\n\n\n\n<h1 class=\"wp-block-heading\">Sijainti<\/h1>\n\n\n\n<figure class=\"wp-block-image is-resized\"><img loading=\"lazy\" decoding=\"async\" width=\"793\" height=\"1024\" src=\"http:\/\/fiskoli.fi\/wp-content\/uploads\/2020\/10\/122031108_1254242258307869_8171976512778129947_n-793x1024.jpg\" alt=\"\" class=\"wp-image-199\" style=\"width:347px;height:448px\" srcset=\"https:\/\/fiskoli.fi\/wp-content\/uploads\/2020\/10\/122031108_1254242258307869_8171976512778129947_n-793x1024.jpg 793w, https:\/\/fiskoli.fi\/wp-content\/uploads\/2020\/10\/122031108_1254242258307869_8171976512778129947_n-232x300.jpg 232w, https:\/\/fiskoli.fi\/wp-content\/uploads\/2020\/10\/122031108_1254242258307869_8171976512778129947_n-768x991.jpg 768w, https:\/\/fiskoli.fi\/wp-content\/uploads\/2020\/10\/122031108_1254242258307869_8171976512778129947_n.jpg 1059w\" sizes=\"auto, (max-width: 706px) 89vw, (max-width: 767px) 82vw, 740px\" \/><\/figure>\n\n\n\n<div data-wp-interactive=\"core\/file\" class=\"wp-block-file\"><object data-wp-bind--hidden=\"!state.hasPdfPreview\" hidden class=\"wp-block-file__embed\" data=\"https:\/\/fiskoli.fi\/wp-content\/uploads\/2024\/12\/Taivassalo-Kustavi-2-1.pdf\" type=\"application\/pdf\" style=\"width:100%;height:600px\" aria-label=\"Tiedoston Taivassalo-Kustavi-2 upotus.\"><\/object><a id=\"wp-block-file--media-6cda2468-eb2c-4897-83b5-7ea0c9b5fe0b\" href=\"https:\/\/fiskoli.fi\/wp-content\/uploads\/2024\/12\/Taivassalo-Kustavi-2-1.pdf\">Taivassalo-Kustavi-2<\/a><a href=\"https:\/\/fiskoli.fi\/wp-content\/uploads\/2024\/12\/Taivassalo-Kustavi-2-1.pdf\" class=\"wp-block-file__button wp-element-button\" download aria-describedby=\"wp-block-file--media-6cda2468-eb2c-4897-83b5-7ea0c9b5fe0b\">Lataa<\/a><\/div>\n<\/div><\/div>\n\n\n\n<p><\/p>\n","protected":false},"excerpt":{"rendered":"<p>2020 valmistunut lomakohde&nbsp;Villa Bergamo&nbsp;sijaitsee&nbsp;Taivassalossa&nbsp;Turun saaristossa meren rannalla, p\u00e4\u00e4ttyv\u00e4n tien p\u00e4\u00e4ss\u00e4. Kohteen kaikki mukavuudet mahdollistavat huolettomat lomap\u00e4iv\u00e4t vain 45 minuutin matkan p\u00e4\u00e4st\u00e4 Turun keskustasta. Talossa on kaksi makuuhuoneetta \u2013 toisessa on 180 cm paris\u00e4nky, toisessa kaksi 80 cm s\u00e4nky\u00e4. Villa Bergamo on ihanteellinen paikka pariskunnille!Talo sijaitsee p\u00e4\u00e4ttyv\u00e4n tien p\u00e4\u00e4ss\u00e4, yksityisen yhteisrannan laidalla. Alueella on m\u00f6kkil\u00e4isten venepaikkoja &hellip; <\/p>\n<p class=\"link-more\"><a href=\"https:\/\/fiskoli.fi\/Bistroverde\/villabergamo\/\" class=\"more-link\">Jatka lukemista<span class=\"screen-reader-text\"> &#8221;Majoituspalvelut&#8221;<\/span><\/a><\/p>\n","protected":false},"author":1,"featured_media":0,"parent":0,"menu_order":0,"comment_status":"closed","ping_status":"closed","template":"","meta":{"footnotes":""},"class_list":["post-2","page","type-page","status-publish","hentry"],"_links":{"self":[{"href":"https:\/\/fiskoli.fi\/Bistroverde\/wp-json\/wp\/v2\/pages\/2","targetHints":{"allow":["GET"]}}],"collection":[{"href":"https:\/\/fiskoli.fi\/Bistroverde\/wp-json\/wp\/v2\/pages"}],"about":[{"href":"https:\/\/fiskoli.fi\/Bistroverde\/wp-json\/wp\/v2\/types\/page"}],"author":[{"embeddable":true,"href":"https:\/\/fiskoli.fi\/Bistroverde\/wp-json\/wp\/v2\/users\/1"}],"replies":[{"embeddable":true,"href":"https:\/\/fiskoli.fi\/Bistroverde\/wp-json\/wp\/v2\/comments?post=2"}],"version-history":[{"count":56,"href":"https:\/\/fiskoli.fi\/Bistroverde\/wp-json\/wp\/v2\/pages\/2\/revisions"}],"predecessor-version":[{"id":1381,"href":"https:\/\/fiskoli.fi\/Bistroverde\/wp-json\/wp\/v2\/pages\/2\/revisions\/1381"}],"wp:attachment":[{"href":"https:\/\/fiskoli.fi\/Bistroverde\/wp-json\/wp\/v2\/media?parent=2"}],"curies":[{"name":"wp","href":"https:\/\/api.w.org\/{rel}","templated":true}]}}