{"id":1491,"date":"2026-01-26T18:13:26","date_gmt":"2026-01-26T18:13:26","guid":{"rendered":"https:\/\/fiskoli.fi\/Bistroverde\/about-14\/"},"modified":"2026-01-28T14:32:58","modified_gmt":"2026-01-28T14:32:58","slug":"juhlatila","status":"publish","type":"page","link":"https:\/\/fiskoli.fi\/Bistroverde\/juhlatila\/","title":{"rendered":"Juhlatilat"},"content":{"rendered":"\n<div class=\"wp-block-group has-mono-1-background-color has-background\" style=\"margin-top:0;margin-bottom:0;padding-top:0;padding-right:0;padding-bottom:0;padding-left:0\"><div class=\"wp-block-group__inner-container is-layout-flow wp-block-group-is-layout-flow\">\n<div class=\"wp-block-cover\" style=\"padding-top:var(--wp--preset--spacing--superbspacing-xlarge);padding-right:0;padding-bottom:var(--wp--preset--spacing--superbspacing-xlarge);padding-left:0;min-height:50px;aspect-ratio:unset;\"><img loading=\"lazy\" decoding=\"async\" width=\"1920\" height=\"2560\" class=\"wp-block-cover__image-background wp-image-1112 size-full\" alt=\"\" src=\"https:\/\/fiskoli.fi\/wp-content\/uploads\/2024\/09\/IMG_0299-scaled.jpeg\" data-object-fit=\"cover\" srcset=\"https:\/\/fiskoli.fi\/wp-content\/uploads\/2024\/09\/IMG_0299-scaled.jpeg 1920w, https:\/\/fiskoli.fi\/wp-content\/uploads\/2024\/09\/IMG_0299-225x300.jpeg 225w, https:\/\/fiskoli.fi\/wp-content\/uploads\/2024\/09\/IMG_0299-768x1024.jpeg 768w, https:\/\/fiskoli.fi\/wp-content\/uploads\/2024\/09\/IMG_0299-1152x1536.jpeg 1152w, https:\/\/fiskoli.fi\/wp-content\/uploads\/2024\/09\/IMG_0299-1536x2048.jpeg 1536w\" sizes=\"auto, (max-width: 706px) 89vw, (max-width: 767px) 82vw, 740px\" \/><span aria-hidden=\"true\" class=\"wp-block-cover__background has-background-dim-40 has-background-dim\" style=\"background-color:#807063\"><\/span><div class=\"wp-block-cover__inner-container is-layout-flow wp-block-cover-is-layout-flow\">\n<div class=\"wp-block-group\" style=\"padding-top:0;padding-right:var(--wp--preset--spacing--superbspacing-small);padding-bottom:0;padding-left:var(--wp--preset--spacing--superbspacing-small)\"><div class=\"wp-block-group__inner-container is-layout-constrained wp-container-core-group-is-layout-ff832411 wp-block-group-is-layout-constrained\">\n<div class=\"wp-block-group is-content-justification-center\" style=\"margin-top:0;margin-bottom:0\"><div class=\"wp-block-group__inner-container is-layout-constrained wp-container-core-group-is-layout-55a413eb wp-block-group-is-layout-constrained\">\n<h1 class=\"wp-block-heading has-text-align-center has-text-color has-superbfont-xxlarge-font-size\" style=\"color:#fdfdfd;font-style:normal;font-weight:400\">JUHLA!<\/h1>\n\n\n\n<p class=\"has-text-align-center has-text-color has-superbfont-small-font-size\" style=\"color:#fdfdfd;margin-bottom:var(--wp--preset--spacing--superbspacing-small)\">Tuvan juhlatila 20 hengelle<\/p>\n<\/div><\/div>\n<\/div><\/div>\n<\/div><\/div>\n<\/div><\/div>\n\n\n\n<div class=\"wp-block-group alignfull has-mono-4-background-color has-background\" style=\"margin-top:0;margin-bottom:0;padding-top:var(--wp--preset--spacing--superbspacing-large);padding-right:var(--wp--preset--spacing--superbspacing-small);padding-bottom:var(--wp--preset--spacing--superbspacing-large);padding-left:var(--wp--preset--spacing--superbspacing-small)\"><div class=\"wp-block-group__inner-container is-layout-constrained wp-container-core-group-is-layout-cd6834d0 wp-block-group-is-layout-constrained\">\n<div class=\"wp-block-columns alignwide is-layout-flex wp-container-core-columns-is-layout-95ad091b wp-block-columns-is-layout-flex\">\n<div class=\"wp-block-column is-vertically-aligned-center is-layout-flow wp-block-column-is-layout-flow\" style=\"padding-top:0;padding-right:0;padding-bottom:0;padding-left:0\">\n<div class=\"wp-block-group\"><div class=\"wp-block-group__inner-container is-layout-flow wp-block-group-is-layout-flow\">\n<h3 class=\"wp-block-heading has-text-align-left has-superbfont-xlarge-font-size\" style=\"line-height:1.2\">Juhlatila &#8221;Tupa&#8221;<\/h3>\n\n\n\n<p class=\"has-mono-2-color has-text-color has-link-color wp-elements-b5863662e9918ecf83e598ab2aed203c\">P\u00e4\u00e4sali on varattavissa pieniin juhliin. <\/p>\n\n\n\n<p class=\"has-mono-2-color has-text-color has-link-color wp-elements-cbb0b6af586df8e5d55d0e67b4c82cc8\"><strong>Juhlamenu 20 henkil\u00f6\u00e4<br><\/strong>Talon leip\u00e4 &amp; voi<br>Alkusalaatti noutop\u00f6yd\u00e4st\u00e4<br>P\u00e4\u00e4ruokana liha tai kala<br>J\u00e4lkiruoka<br>Kahvi\/tee<\/p>\n\n\n\n<p class=\"has-mono-2-color has-text-color has-link-color wp-elements-721795c7c8c8b2b251a85ce9be1d07f0\">Hinta 38 \u20ac\/hl\u00f6<br>(ei erillist\u00e4 tilavuokraa)<br>Saliin mahtuu 20 henke\u00e4.<br>Minimi henkil\u00f6m\u00e4\u00e4r\u00e4 varaukselle 20.<br>Varausaika 3 tuntia<br><strong><br><\/strong><\/p>\n<\/div><\/div>\n<\/div>\n\n\n\n<div class=\"wp-block-column is-vertically-aligned-center is-layout-flow wp-block-column-is-layout-flow\" style=\"padding-right:0;padding-bottom:0;padding-left:0\">\n<figure class=\"wp-block-image size-large has-custom-border\"><img loading=\"lazy\" decoding=\"async\" width=\"768\" height=\"1024\" src=\"https:\/\/fiskoli.fi\/wp-content\/uploads\/2026\/01\/aed72aff-86c9-4fc6-8a37-c21c0d5e3335-1-768x1024.jpeg\" alt=\"\" class=\"wp-image-1518\" style=\"border-radius:0px\" srcset=\"https:\/\/fiskoli.fi\/wp-content\/uploads\/2026\/01\/aed72aff-86c9-4fc6-8a37-c21c0d5e3335-1-768x1024.jpeg 768w, https:\/\/fiskoli.fi\/wp-content\/uploads\/2026\/01\/aed72aff-86c9-4fc6-8a37-c21c0d5e3335-1-225x300.jpeg 225w, https:\/\/fiskoli.fi\/wp-content\/uploads\/2026\/01\/aed72aff-86c9-4fc6-8a37-c21c0d5e3335-1-1152x1536.jpeg 1152w, https:\/\/fiskoli.fi\/wp-content\/uploads\/2026\/01\/aed72aff-86c9-4fc6-8a37-c21c0d5e3335-1.jpeg 1536w\" sizes=\"auto, (max-width: 706px) 89vw, (max-width: 767px) 82vw, 740px\" \/><\/figure>\n<\/div>\n<\/div>\n<\/div><\/div>\n\n\n\n<p><\/p>\n\n\n\n<div class=\"wp-block-group alignfull\"><div class=\"wp-block-group__inner-container is-layout-flow wp-block-group-is-layout-flow\">\n<div class=\"wp-block-group has-mono-1-background-color has-background\" style=\"margin-top:0;margin-bottom:0;padding-top:0;padding-right:0;padding-bottom:0;padding-left:0\"><div class=\"wp-block-group__inner-container is-layout-flow wp-block-group-is-layout-flow\">\n<div class=\"wp-block-cover is-light\" style=\"padding-top:var(--wp--preset--spacing--superbspacing-xlarge);padding-right:0;padding-bottom:var(--wp--preset--spacing--superbspacing-xlarge);padding-left:0;min-height:50px;aspect-ratio:unset;\"><img loading=\"lazy\" decoding=\"async\" width=\"793\" height=\"1024\" class=\"wp-block-cover__image-background wp-image-1527 size-large\" alt=\"\" src=\"https:\/\/fiskoli.fi\/wp-content\/uploads\/2026\/01\/IMG_8339-793x1024.jpg\" data-object-fit=\"cover\" srcset=\"https:\/\/fiskoli.fi\/wp-content\/uploads\/2026\/01\/IMG_8339-793x1024.jpg 793w, https:\/\/fiskoli.fi\/wp-content\/uploads\/2026\/01\/IMG_8339-232x300.jpg 232w, https:\/\/fiskoli.fi\/wp-content\/uploads\/2026\/01\/IMG_8339-768x992.jpg 768w, https:\/\/fiskoli.fi\/wp-content\/uploads\/2026\/01\/IMG_8339.jpg 1179w\" sizes=\"auto, (max-width: 706px) 89vw, (max-width: 767px) 82vw, 740px\" \/><span aria-hidden=\"true\" class=\"wp-block-cover__background has-background-dim-40 has-background-dim\" style=\"background-color:#b4a995\"><\/span><div class=\"wp-block-cover__inner-container is-layout-flow wp-block-cover-is-layout-flow\">\n<div class=\"wp-block-group\" style=\"padding-top:0;padding-right:var(--wp--preset--spacing--superbspacing-small);padding-bottom:0;padding-left:var(--wp--preset--spacing--superbspacing-small)\"><div class=\"wp-block-group__inner-container is-layout-constrained wp-container-core-group-is-layout-ff832411 wp-block-group-is-layout-constrained\">\n<div class=\"wp-block-group is-content-justification-center\" style=\"margin-top:0;margin-bottom:0\"><div class=\"wp-block-group__inner-container is-layout-constrained wp-container-core-group-is-layout-55a413eb wp-block-group-is-layout-constrained\">\n<h1 class=\"wp-block-heading has-text-align-center has-text-color has-superbfont-xxlarge-font-size\" style=\"color:#fdfdfd;font-style:normal;font-weight:400\">YKSITYIS-TILAISUUS<\/h1>\n\n\n\n<p class=\"has-text-align-center has-text-color has-superbfont-small-font-size\" style=\"color:#fdfdfd;margin-bottom:var(--wp--preset--spacing--superbspacing-small)\">Sis\u00e4terassin juhla- ja kokoustila 24 hengelle<\/p>\n<\/div><\/div>\n<\/div><\/div>\n<\/div><\/div>\n<\/div><\/div>\n\n\n\n<div class=\"wp-block-group alignfull has-mono-4-background-color has-background\" style=\"margin-top:0;margin-bottom:0;padding-top:var(--wp--preset--spacing--superbspacing-large);padding-right:var(--wp--preset--spacing--superbspacing-small);padding-bottom:var(--wp--preset--spacing--superbspacing-large);padding-left:var(--wp--preset--spacing--superbspacing-small)\"><div class=\"wp-block-group__inner-container is-layout-constrained wp-container-core-group-is-layout-cd6834d0 wp-block-group-is-layout-constrained\">\n<div class=\"wp-block-columns alignwide is-layout-flex wp-container-core-columns-is-layout-95ad091b wp-block-columns-is-layout-flex\">\n<div class=\"wp-block-column is-vertically-aligned-center is-layout-flow wp-block-column-is-layout-flow\" style=\"padding-top:0;padding-right:0;padding-bottom:0;padding-left:0\">\n<div class=\"wp-block-group\"><div class=\"wp-block-group__inner-container is-layout-flow wp-block-group-is-layout-flow\">\n<h3 class=\"wp-block-heading has-text-align-left has-superbfont-xlarge-font-size\" style=\"line-height:1.2\">JUHLATILA<br>SIS\u00c4TERASSI<\/h3>\n\n\n\n<p class=\"has-mono-2-color has-text-color has-link-color wp-elements-18d8f432ff30aa1a77f36c433b3a0dc3\">Sis\u00e4terassi on varattavissa pieniin juhliin tai kokouksiin.<\/p>\n\n\n\n<p class=\"has-mono-2-color has-text-color has-link-color wp-elements-e371433ed10e7b27372ec94fdef0f23d\"><strong>Noutop\u00f6yt\u00e4 24 henkil\u00f6\u00e4<\/strong><br>Alkusalaatti, leip\u00e4, voi<br>L\u00e4mminruoka liha &amp; kala<br>J\u00e4lkiruoka<br>Kahvi\/tee<\/p>\n\n\n\n<p class=\"has-mono-2-color has-text-color has-link-color wp-elements-47f7f53a12b7bcf32d3269e00c5ead2b\">Hinta 38 \u20ac\/hl\u00f6<br>(ei erillist\u00e4 tilavuokraa)<br>Tilaan mahtuu 24 henke\u00e4.<br>Minimi henkil\u00f6m\u00e4\u00e4r\u00e4 varaukselle 20.<br>Varausaika 3 tuntia.<\/p>\n<\/div><\/div>\n<\/div>\n\n\n\n<div class=\"wp-block-column is-vertically-aligned-center is-layout-flow wp-block-column-is-layout-flow\" style=\"padding-right:0;padding-bottom:0;padding-left:0\">\n<figure class=\"wp-block-image size-large has-custom-border\"><img loading=\"lazy\" decoding=\"async\" width=\"959\" height=\"1024\" src=\"https:\/\/fiskoli.fi\/wp-content\/uploads\/2026\/01\/a5d11f85-2638-4769-9190-4f5ae4a62ad6-959x1024.jpeg\" alt=\"\" class=\"wp-image-1516\" style=\"border-radius:0px\" srcset=\"https:\/\/fiskoli.fi\/wp-content\/uploads\/2026\/01\/a5d11f85-2638-4769-9190-4f5ae4a62ad6-959x1024.jpeg 959w, https:\/\/fiskoli.fi\/wp-content\/uploads\/2026\/01\/a5d11f85-2638-4769-9190-4f5ae4a62ad6-281x300.jpeg 281w, https:\/\/fiskoli.fi\/wp-content\/uploads\/2026\/01\/a5d11f85-2638-4769-9190-4f5ae4a62ad6-768x820.jpeg 768w, https:\/\/fiskoli.fi\/wp-content\/uploads\/2026\/01\/a5d11f85-2638-4769-9190-4f5ae4a62ad6-1439x1536.jpeg 1439w, https:\/\/fiskoli.fi\/wp-content\/uploads\/2026\/01\/a5d11f85-2638-4769-9190-4f5ae4a62ad6.jpeg 1918w\" sizes=\"auto, (max-width: 706px) 89vw, (max-width: 767px) 82vw, 740px\" \/><\/figure>\n<\/div>\n<\/div>\n\n\n\n<p>Voit my\u00f6s varata koko ravintolan, eli molemmat tilat yksityisk\u00e4ytt\u00f6\u00f6n.<br>Varaukset: <br>Kattis Honkanen 0405238150<\/p>\n<\/div><\/div>\n<\/div><\/div>\n\n\n\n<div class=\"wp-block-group alignfull\" style=\"margin-top:0;margin-bottom:0;padding-top:var(--wp--preset--spacing--superbspacing-large);padding-right:var(--wp--preset--spacing--superbspacing-small);padding-bottom:var(--wp--preset--spacing--superbspacing-large);padding-left:var(--wp--preset--spacing--superbspacing-small)\"><div class=\"wp-block-group__inner-container is-layout-constrained wp-container-core-group-is-layout-4e45299f wp-block-group-is-layout-constrained\"><\/div><\/div>\n","protected":false},"excerpt":{"rendered":"<p>Juhlatila &#8221;Tupa&#8221; P\u00e4\u00e4sali on varattavissa pieniin juhliin. Juhlamenu 20 henkil\u00f6\u00e4Talon leip\u00e4 &amp; voiAlkusalaatti noutop\u00f6yd\u00e4st\u00e4P\u00e4\u00e4ruokana liha tai kalaJ\u00e4lkiruokaKahvi\/tee Hinta 38 \u20ac\/hl\u00f6(ei erillist\u00e4 tilavuokraa)Saliin mahtuu 20 henke\u00e4.Minimi henkil\u00f6m\u00e4\u00e4r\u00e4 varaukselle 20.Varausaika 3 tuntia JUHLATILASIS\u00c4TERASSI Sis\u00e4terassi on varattavissa pieniin juhliin tai kokouksiin. Noutop\u00f6yt\u00e4 24 henkil\u00f6\u00e4Alkusalaatti, leip\u00e4, voiL\u00e4mminruoka liha &amp; kalaJ\u00e4lkiruokaKahvi\/tee Hinta 38 \u20ac\/hl\u00f6(ei erillist\u00e4 tilavuokraa)Tilaan mahtuu 24 henke\u00e4.Minimi henkil\u00f6m\u00e4\u00e4r\u00e4 &hellip; <\/p>\n<p class=\"link-more\"><a href=\"https:\/\/fiskoli.fi\/Bistroverde\/juhlatila\/\" class=\"more-link\">Jatka lukemista<span class=\"screen-reader-text\"> &#8221;Juhlatilat&#8221;<\/span><\/a><\/p>\n","protected":false},"author":1,"featured_media":0,"parent":0,"menu_order":0,"comment_status":"closed","ping_status":"closed","template":"","meta":{"footnotes":""},"class_list":["post-1491","page","type-page","status-publish","hentry"],"_links":{"self":[{"href":"https:\/\/fiskoli.fi\/Bistroverde\/wp-json\/wp\/v2\/pages\/1491","targetHints":{"allow":["GET"]}}],"collection":[{"href":"https:\/\/fiskoli.fi\/Bistroverde\/wp-json\/wp\/v2\/pages"}],"about":[{"href":"https:\/\/fiskoli.fi\/Bistroverde\/wp-json\/wp\/v2\/types\/page"}],"author":[{"embeddable":true,"href":"https:\/\/fiskoli.fi\/Bistroverde\/wp-json\/wp\/v2\/users\/1"}],"replies":[{"embeddable":true,"href":"https:\/\/fiskoli.fi\/Bistroverde\/wp-json\/wp\/v2\/comments?post=1491"}],"version-history":[{"count":20,"href":"https:\/\/fiskoli.fi\/Bistroverde\/wp-json\/wp\/v2\/pages\/1491\/revisions"}],"predecessor-version":[{"id":1617,"href":"https:\/\/fiskoli.fi\/Bistroverde\/wp-json\/wp\/v2\/pages\/1491\/revisions\/1617"}],"wp:attachment":[{"href":"https:\/\/fiskoli.fi\/Bistroverde\/wp-json\/wp\/v2\/media?parent=1491"}],"curies":[{"name":"wp","href":"https:\/\/api.w.org\/{rel}","templated":true}]}}